{"id":34,"date":"2023-03-21T22:05:35","date_gmt":"2023-03-21T22:05:35","guid":{"rendered":"https:\/\/www.miroiteriejsp.fr\/home\/"},"modified":"2026-02-13T20:56:07","modified_gmt":"2026-02-13T20:56:07","slug":"home","status":"publish","type":"page","link":"https:\/\/www.miroiteriejsp.fr\/","title":{"rendered":"La Miroiterie"},"content":{"rendered":"\n\n\n\n\n\n\n\n\n\n\n\n\n\n\r\n<h1 id=\"1392026640\" class=\"dmNewParagraph u_1392026640\" data-element-type=\"paragraph\">Des artisans miroitiers-vitriers \u00e0 votre disposition\u00a0<\/h1>\r\n\n\n\r\n<div id=\"1336855954\" class=\"dmNewParagraph fullBleedChanged fullBleedMode u_1336855954\" data-element-type=\"paragraph\">\r\n<p class=\"font-size-NaN m-font-size-NaN\">\u00c0 sa fondation, en 1992 l\u2019\u00e9tablissement<span class=\"font-size-NaN m-font-size-NaN\"> Freyre<\/span> \u00e9tait sp\u00e9cialis\u00e9 dans la droguerie, puis, face aux nombreuses demandes, elle s&rsquo;est d\u00e9velopp\u00e9e dans le domaine de la <span class=\"font-size-NaN m-font-size-NaN\">miroiterie<\/span>.<br \/>C&rsquo;est en 2023 que l&rsquo;\u00e9tablissements Freyre D.M.F. deviennent La Miroiterie JSP .<br \/>Nous mettons notre savoir-faire et notre exp\u00e9rience \u00e0 rude \u00e9preuve afin de pouvoir vous fournir des <b>prestations de qualit\u00e9<\/b>.<\/p>\r\n<p class=\"font-size-NaN m-font-size-NaN\">Install\u00e9 \u00e0 Granges-Narboz, \u00e0 quelques kilom\u00e8tres de Pontarlier, notre \u00e9tablissement s\u2019engage \u00e0 r\u00e9pondre \u00e0 toutes vos demandes de fabrication, pose ou remplacement de <span class=\"font-size-NaN m-font-size-NaN\">produits\u00a0verriers<\/span>. <br \/>Pour ce faire, nos professionnels poss\u00e8dent plus de 25 ans d\u2019exp\u00e9rience dans le domaine. <strong class=\"font-size-NaN m-font-size-NaN\"> <a href=\"https:\/\/www.miroiteriejsp.fr\/?page_id=36\"> <span class=\"font-size-NaN m-font-size-NaN\">Contactez-nous<\/span> <\/a> <\/strong> pour en savoir plus.<\/p>\r\n<\/div>\r\n\n\n\n\n\n\r\n<h2 id=\"1961209119\" class=\"dmNewParagraph\" data-element-type=\"paragraph\"><span class=\"font-size-NaN m-font-size-NaN\">La\u00a0fabrication de vitrages dans notre atelier \u00e0 Granges-Narboz pr\u00e8s de Pontarlier<\/span><\/h2>\r\n\n\n\r\n<div id=\"1421080555\" class=\"dmNewParagraph fullBleedChanged fullBleedMode u_1421080555\" data-element-type=\"paragraph\">\r\n<p class=\"font-size-NaN m-font-size-NaN\">Situ\u00e9\u00a0\u00e0 Granges-Narboz dans la r\u00e9gion de Pontarlier,\u00a0La Miroiterie JSP dispose d\u2019un <span class=\"font-size-NaN m-font-size-NaN\">atelier\u00a0de fabrication<\/span>\u00a0qui nous permet de concevoir tous vos produits verriers. <br \/>Nos professionnels du verre interviennent dans la d\u00e9coupe, le <b>fa\u00e7onnage et le polissage<\/b> du <span class=\"font-size-NaN m-font-size-NaN\">vitrage<\/span>.\u00a0<br \/>Nous sommes en mesure de r\u00e9aliser tous types de produits verriers pour un mobilier design et \u00e9l\u00e9gant\u00a0: table en verre, miroir, etc.<\/p>\r\n<p class=\"font-size-NaN m-font-size-NaN\">Que ce soit un vitrage standard ou une demande de verre sur mesure, La Miroiterie JSP est capable de r\u00e9pondre \u00e0 toutes les demandes. <br \/>Nos professionnels vous offrent la possibilit\u00e9 d\u2019avoir une \u00e9tude, une conception et une pose de mat\u00e9riaux de qualit\u00e9 pour un projet unique.<\/p>\r\n<\/div>\r\n\n\n\n\n\n\n\n\n\n\n\n\n\n\n\n\n\r\n<h2 id=\"1187693002\" class=\"dmNewParagraph\" data-element-type=\"paragraph\"><span class=\"font-size-NaN m-font-size-NaN\">Vos projets de miroiterie et vitrerie ex\u00e9cut\u00e9s par La Miroiterie JSP dans la r\u00e9gion de Pontarlier<\/span><\/h2>\r\n\n\n\n\n\r\n<div class=\"flex flex-grow flex-col gap-3\">\r\n<div class=\"min-h-[20px] flex flex-col items-start gap-4 whitespace-pre-wrap\">\r\n<div class=\"markdown prose w-full break-words dark:prose-invert light\">\r\n<p>La miroiterie est l&rsquo;art et la technique de travailler le verre pour en faire des miroirs ou des vitrages. Les miroirs sont obtenus en appliquant une fine couche d&rsquo;argenture sur la surface du verre, tandis que les vitrages peuvent \u00eatre obtenus en utilisant du verre simple, tremp\u00e9, feuillet\u00e9 ou isolant selon les besoins. La miroiterie est un m\u00e9tier ancien qui a connu une \u00e9volution technologique importante au fil des si\u00e8cles, avec l&rsquo;apparition de nouveaux proc\u00e9d\u00e9s de fabrication et de nouveaux mat\u00e9riaux. Les miroitiers sont des professionnels qualifi\u00e9s qui peuvent intervenir dans diverses situations, que ce soit pour la fabrication de miroirs sur mesure, la r\u00e9paration de vitrages ou encore l&rsquo;installation de fen\u00eatres.<\/p>\r\n<\/div>\r\n<\/div>\r\n<\/div>\r\n\n\n\n\r\n<div class=\"flex flex-grow flex-col gap-3\">\r\n<div class=\"min-h-[20px] flex flex-col items-start gap-4 whitespace-pre-wrap\">\r\n<div class=\"markdown prose w-full break-words dark:prose-invert light\">\r\n<p>La d\u00e9coupe du verre est une technique qui consiste \u00e0 couper le verre selon des dimensions pr\u00e9cises. Cette op\u00e9ration est r\u00e9alis\u00e9e gr\u00e2ce \u00e0 des outils sp\u00e9cifiques tels que la roulette, la scie diamant\u00e9e ou encore la pince \u00e0 glace. La d\u00e9coupe du verre n\u00e9cessite une grande pr\u00e9cision et une grande dext\u00e9rit\u00e9, car le verre est un mat\u00e9riau fragile qui peut facilement se briser si la pression exerc\u00e9e est trop forte. La d\u00e9coupe du verre peut \u00eatre r\u00e9alis\u00e9e pour fabriquer des vitrages, des miroirs, des dalles de verre ou encore des objets de d\u00e9coration. Il est recommand\u00e9 de confier cette t\u00e2che \u00e0 un professionnel de la miroiterie pour un r\u00e9sultat optimal et s\u00e9curis\u00e9.<\/p>\r\n<\/div>\r\n<\/div>\r\n<\/div>\r\n\n\n\n\r\n<div class=\"flex flex-grow flex-col gap-3\">\r\n<div class=\"min-h-[20px] flex flex-col items-start gap-4 whitespace-pre-wrap\">\r\n<div class=\"markdown prose w-full break-words dark:prose-invert light\">\r\n<p>La rapidit\u00e9, la fiabilit\u00e9 et la s\u00e9curit\u00e9 sont des crit\u00e8res importants dans le choix d&rsquo;un service de livraison. Ainsi, nous proposons des solutions adapt\u00e9es \u00e0 vos besoins sp\u00e9cifiques pour assurer une livraison optimale.<\/p>\r\n<\/div>\r\n<\/div>\r\n<\/div>\r\n<p class=\"dmNewParagraph fullBleedChanged fullBleedMode u_1589295564\" data-element-type=\"paragraph\">\n\n\n\n\n\n\n<\/p>\r\n<h3 id=\"1458171903\" class=\"dmNewParagraph\" data-element-type=\"paragraph\"><span class=\"font-size-NaN m-font-size-NaN\">Contactez-nous\u00a0!<\/span><\/h3>\r\n<p class=\"dmNewParagraph fullBleedChanged fullBleedMode u_1589295564\" data-element-type=\"paragraph\">\n\n<\/p>\r\n<div id=\"1116937671\" class=\"dmNewParagraph fullBleedChanged fullBleedMode u_1116937671\" data-element-type=\"paragraph\">\r\n<p class=\"font-size-NaN m-font-size-NaN\">Notre entreprise La Miroiterie JSP est \u00e0 votre \u00e9coute pour r\u00e9pondre \u00e0 tous vos besoins en <span class=\"font-size-NaN m-font-size-NaN\"> miroiterie\u00a0ou vitrerie <\/span> dans la r\u00e9gion de Pontarlier.<\/p>\r\n<p class=\"font-size-NaN m-font-size-NaN\">Pour\u00a0un devis gratuit ou pour des conseils, contactez-nous.<\/p>\r\n<\/div>\r\n<p class=\"dmNewParagraph fullBleedChanged fullBleedMode u_1589295564\" data-element-type=\"paragraph\">\n\n\n\n\n\n\n\n\n\n\n\n\n\n\n\n\n\n\n\n\n\n\n\n\n\n\n\n\n\n\n\n\n\n\n\n\n\n\n\n<\/p>\r\n<h2>Pourquoi nous choisir<\/h2>\r\n<p class=\"dmNewParagraph fullBleedChanged fullBleedMode u_1589295564\" data-element-type=\"paragraph\">\n\n<\/p>\r\n<div id=\"1421080555\" class=\"dmNewParagraph fullBleedChanged fullBleedMode u_1421080555\" data-element-type=\"paragraph\">\r\n<p class=\"font-size-NaN m-font-size-NaN\">Situ\u00e9 aux Granges-Narboz dans la r\u00e9gion de Pontarlier, La Miroiterie JSP dispose d\u2019un <span class=\"font-size-NaN m-font-size-NaN\">atelier\u00a0de fabrication<\/span>\u00a0qui nous permet de concevoir tous vos produits verriers. Nos professionnels du verre interviennent dans la d\u00e9coupe, le <b>fa\u00e7onnage et le polissage<\/b> du <span class=\"font-size-NaN m-font-size-NaN\">vitrage<\/span>.\u00a0Nous sommes en mesure de r\u00e9aliser tous types de produits verriers pour un mobilier design et \u00e9l\u00e9gant\u00a0: table en verre, miroir, etc.<\/p>\r\n<\/div>\r\n<p class=\"dmNewParagraph fullBleedChanged fullBleedMode u_1589295564\" data-element-type=\"paragraph\">\n\n\n\n\n<p>Le vitrage est un \u00e9l\u00e9ment essentiel de votre habitat. En plus de laisser passer la lumi\u00e8re naturelle, il assure une isolation thermique et phonique efficace. Choisissez parmi une large gamme de vitrages pour r\u00e9pondre \u00e0 vos besoins et am\u00e9liorer le confort de votre maison tout en r\u00e9duisant votre consommation \u00e9nerg\u00e9tique.<\/p><p class=\"dmNewParagraph fullBleedChanged fullBleedMode u_1589295564\" data-element-type=\"paragraph\"><\/p>\n\n\n<p>Le sol en verre apporte une touche d&rsquo;originalit\u00e9 et de modernit\u00e9 \u00e0 votre int\u00e9rieur. En plus d&rsquo;\u00eatre esth\u00e9tique, il permet de laisser passer la lumi\u00e8re naturelle et de donner une impression d&rsquo;espace. Avec une r\u00e9sistance accrue, le sol en verre est une solution durable et s\u00e9curis\u00e9e pour votre maison ou votre entreprise.<\/p>\n<p class=\"dmNewParagraph fullBleedChanged fullBleedMode u_1589295564\" data-element-type=\"paragraph\"><\/p>\n\n\n<p>La verri\u00e8re est un \u00e9l\u00e9ment de d\u00e9coration incontournable pour donner du cachet \u00e0 votre int\u00e9rieur tout en profitant de la lumi\u00e8re naturelle. Elle permet de s\u00e9parer les espaces tout en cr\u00e9ant une ambiance conviviale et chaleureuse en fonction de vos besoins et de vos envies. <br>La verri\u00e8re est un choix esth\u00e9tique et pratique.<\/p>\n<p class=\"dmNewParagraph fullBleedChanged fullBleedMode u_1589295564\" data-element-type=\"paragraph\"><\/p>\n\n\n\n\n\n\n\n\n\n\n\n\n\n\n\n\n\n\n<\/p>\r\n<h2>Les avis<\/h2>\r\n<p class=\"dmNewParagraph fullBleedChanged fullBleedMode u_1589295564\" data-element-type=\"paragraph\">\n\n\n\n<p>\u00ab\u00a0Excellent service client, produit conforme \u00e0 mes attentes. Je recommande sans h\u00e9sitation.\u00a0\u00bb<\/p><p class=\"dmNewParagraph fullBleedChanged fullBleedMode u_1589295564\" data-element-type=\"paragraph\"><\/p>\n\n\n<p>\u00ab\u00a0Je recommande vivement, service et qualit\u00e9 impeccables.\u00a0\u00bb<\/p><p class=\"dmNewParagraph fullBleedChanged fullBleedMode u_1589295564\" data-element-type=\"paragraph\"><\/p>\n\n\n<p>\u00ab\u00a0Un grand merci pour la qualit\u00e9 de la prestation et le professionnalisme de l&rsquo;\u00e9quipe. Je suis enti\u00e8rement satisfait et recommande vivement.\u00a0\u00bb<\/p><p id=\"1589295564\" class=\"dmNewParagraph fullBleedChanged fullBleedMode u_1589295564\" data-element-type=\"paragraph\"><\/p>\n\n\n\n\n","protected":false},"excerpt":{"rendered":"","protected":false},"author":1,"featured_media":0,"parent":0,"menu_order":0,"comment_status":"closed","ping_status":"closed","template":"","meta":{"pagelayer_contact_templates":[],"_pagelayer_content":"","footnotes":""},"class_list":["post-34","page","type-page","status-publish","hentry"],"_links":{"self":[{"href":"https:\/\/www.miroiteriejsp.fr\/index.php?rest_route=\/wp\/v2\/pages\/34","targetHints":{"allow":["GET"]}}],"collection":[{"href":"https:\/\/www.miroiteriejsp.fr\/index.php?rest_route=\/wp\/v2\/pages"}],"about":[{"href":"https:\/\/www.miroiteriejsp.fr\/index.php?rest_route=\/wp\/v2\/types\/page"}],"author":[{"embeddable":true,"href":"https:\/\/www.miroiteriejsp.fr\/index.php?rest_route=\/wp\/v2\/users\/1"}],"replies":[{"embeddable":true,"href":"https:\/\/www.miroiteriejsp.fr\/index.php?rest_route=%2Fwp%2Fv2%2Fcomments&post=34"}],"version-history":[{"count":14,"href":"https:\/\/www.miroiteriejsp.fr\/index.php?rest_route=\/wp\/v2\/pages\/34\/revisions"}],"predecessor-version":[{"id":118,"href":"https:\/\/www.miroiteriejsp.fr\/index.php?rest_route=\/wp\/v2\/pages\/34\/revisions\/118"}],"wp:attachment":[{"href":"https:\/\/www.miroiteriejsp.fr\/index.php?rest_route=%2Fwp%2Fv2%2Fmedia&parent=34"}],"curies":[{"name":"wp","href":"https:\/\/api.w.org\/{rel}","templated":true}]}}