{"id":3,"date":"2023-03-21T22:05:12","date_gmt":"2023-03-21T22:05:12","guid":{"rendered":"https:\/\/www.miroiteriejsp.fr\/?page_id=3"},"modified":"2023-03-26T21:59:29","modified_gmt":"2023-03-26T21:59:29","slug":"privacy-policy","status":"publish","type":"page","link":"https:\/\/www.miroiteriejsp.fr\/?page_id=3","title":{"rendered":"Mentions L\u00e9gales"},"content":{"rendered":"<div id=\"1807422972\" class=\"dmNewParagraph\" data-element-type=\"paragraph\">\r\n<div><b>Nom ou Raison sociale :<\/b> NOUVELLE MIROITERIE JSP FREYRE <\/div>\r\n<div><span class=\"font-size-14 lh-1\"><b>Adresse :<\/b> 3, rue de Pontarlier &#8211; 25300 Granges Narboz<\/span><\/div>\r\n<div><span class=\"font-size-14 lh-1\"><b>Adresse \u00e9lectronique :<\/b> contact[a]miroiteriejsp[.]fr<\/span><\/div>\r\n<div><span class=\"font-size-14 lh-1\"><b>T\u00e9l\u00e9phone<\/b> : 03 81 46 50 81<\/span><\/div>\r\n<div><span class=\"font-size-14 lh-1\"><b>Directeur de r\u00e9daction \/ publication<\/b> : M. J\u00e9r\u00f4me Pascal<br \/><\/span><\/div>\r\n<div><span class=\"font-size-14 lh-1\"><b>N\u00b0 Registre Commerce<\/b> : <br \/><\/span><\/div>\r\n<div><span class=\"font-size-14 lh-1\"><b>Mentions RCS :<\/b> <br \/><\/span><\/div>\r\n<div><span class=\"font-size-14 lh-1\"><b>N\u00b0 TVA national<\/b> : <br \/><\/span><\/div>\r\n<div><span class=\"font-size-14 lh-1\"><b>Code NACE :<\/b> <br \/><\/span><\/div>\r\n<div><span class=\"font-size-14 lh-1\"><b>Capital social<\/b> : <br \/><\/span><\/div>\r\n<div><span class=\"font-size-14 lh-1\"><b>Effectif :<\/b> 3 \u00e0 5 salari\u00e9s<\/span><\/div>\r\n<div><span class=\"font-size-14 lh-1\"><b>Ann\u00e9e d\u2019\u00e9tablissement<\/b> : 2022<br \/><\/span><\/div>\r\n<div><span class=\"font-size-14 lh-1\">\u00a0<\/span><\/div>\r\n<div><span class=\"font-size-14 lh-1\"><b>L&rsquo;h\u00e9bergement est assur\u00e9 par Atout Informatique<br \/><\/b><\/span><\/div>\r\n<div><b>Adresse<\/b> : 25 Grande Rue<\/div>\r\n<div><span class=\"font-size-14 lh-1\">25300 Granges-Narboz<br \/><\/span><\/div>\r\n<div><span class=\"font-size-14 lh-1\"><b>Capital social<\/b> : Micro entreprise<\/span><\/div>\r\n<div>\u00a0<\/div>\r\n<\/div>\r\n<div id=\"1155860170\" class=\"dmNewParagraph u_1155860170\" data-element-type=\"paragraph\">\r\n<div><span class=\"font-size-14 lh-1\">Ce site a \u00e9t\u00e9 con\u00e7u et r\u00e9alis\u00e9 par Atout-Informatique 25<br \/><\/span><\/div>\r\n<\/div>\r\n","protected":false},"excerpt":{"rendered":"<p>Nom ou Raison sociale : NOUVELLE MIROITERIE JSP FREYRE Adresse : 3, rue de Pontarlier &#8211; 25300 Granges Narboz Adresse \u00e9lectronique : contact[a]miroiteriejsp[.]fr T\u00e9l\u00e9phone : 03 81 46 50 81 Directeur de r\u00e9daction \/ publication : M. J\u00e9r\u00f4me Pascal N\u00b0 Registre Commerce : Mentions RCS : N\u00b0 TVA national : Code NACE : Capital social [&hellip;]<\/p>\n","protected":false},"author":1,"featured_media":0,"parent":0,"menu_order":0,"comment_status":"closed","ping_status":"open","template":"","meta":{"pagelayer_contact_templates":[],"_pagelayer_content":"","footnotes":""},"class_list":["post-3","page","type-page","status-publish","hentry"],"_links":{"self":[{"href":"https:\/\/www.miroiteriejsp.fr\/index.php?rest_route=\/wp\/v2\/pages\/3","targetHints":{"allow":["GET"]}}],"collection":[{"href":"https:\/\/www.miroiteriejsp.fr\/index.php?rest_route=\/wp\/v2\/pages"}],"about":[{"href":"https:\/\/www.miroiteriejsp.fr\/index.php?rest_route=\/wp\/v2\/types\/page"}],"author":[{"embeddable":true,"href":"https:\/\/www.miroiteriejsp.fr\/index.php?rest_route=\/wp\/v2\/users\/1"}],"replies":[{"embeddable":true,"href":"https:\/\/www.miroiteriejsp.fr\/index.php?rest_route=%2Fwp%2Fv2%2Fcomments&post=3"}],"version-history":[{"count":4,"href":"https:\/\/www.miroiteriejsp.fr\/index.php?rest_route=\/wp\/v2\/pages\/3\/revisions"}],"predecessor-version":[{"id":92,"href":"https:\/\/www.miroiteriejsp.fr\/index.php?rest_route=\/wp\/v2\/pages\/3\/revisions\/92"}],"wp:attachment":[{"href":"https:\/\/www.miroiteriejsp.fr\/index.php?rest_route=%2Fwp%2Fv2%2Fmedia&parent=3"}],"curies":[{"name":"wp","href":"https:\/\/api.w.org\/{rel}","templated":true}]}}